{"id":8960,"date":"2025-12-11T13:10:26","date_gmt":"2025-12-11T13:10:26","guid":{"rendered":"https:\/\/littlebigapple.pt\/?page_id=8960"},"modified":"2025-12-11T17:51:11","modified_gmt":"2025-12-11T17:51:11","slug":"termos_e_condicoes","status":"publish","type":"page","link":"https:\/\/littlebigapple.pt\/en\/termos_e_condicoes\/","title":{"rendered":"Termos e condi\u00e7\u00f5es"},"content":{"rendered":"<div data-elementor-type=\"wp-page\" data-elementor-id=\"8960\" class=\"elementor elementor-8960\" data-elementor-post-type=\"page\">\n\t\t\t\t<div class=\"elementor-element elementor-element-89e9414 e-flex e-con-boxed e-con e-parent\" data-id=\"89e9414\" data-element_type=\"container\" data-e-type=\"container\">\n\t\t\t\t\t<div class=\"e-con-inner\">\n\t\t\t\t<div class=\"elementor-element elementor-element-0ea34d1 elementor-widget elementor-widget-heading\" data-id=\"0ea34d1\" data-element_type=\"widget\" data-e-type=\"widget\" data-widget_type=\"heading.default\">\n\t\t\t\t\t<h2 class=\"elementor-heading-title elementor-size-default\">termos e  condi\u00e7\u00f5es<\/h2>\t\t\t\t<\/div>\n\t\t\t\t\t<\/div>\n\t\t\t\t<\/div>\n\t\t<div class=\"elementor-element elementor-element-caeace4 e-flex e-con-boxed e-con e-parent\" data-id=\"caeace4\" data-element_type=\"container\" data-e-type=\"container\">\n\t\t\t\t\t<div class=\"e-con-inner\">\n\t\t<div class=\"elementor-element elementor-element-87787b7 e-con-full e-flex e-con e-child\" data-id=\"87787b7\" data-element_type=\"container\" data-e-type=\"container\">\n\t\t\t\t<div class=\"elementor-element elementor-element-545738f elementor-widget elementor-widget-text-editor\" data-id=\"545738f\" data-element_type=\"widget\" data-e-type=\"widget\" data-widget_type=\"text-editor.default\">\n\t\t\t\t\t\t\t\t\t<p><strong>Inscri\u00e7\u00e3o e Aceita\u00e7\u00e3o:<\/strong> Ao participar das aulas ou eventos na Little Big Apple, o participante reconhece e aceita todos os seguintes Termos e Condi\u00e7\u00f5es:<br \/><strong>Pagamentos e cancelamentos:<\/strong> O pagamento dos cursos e workshops deve ser realizado no prazo de 7 dias \u00fateis ap\u00f3s a confirma\u00e7\u00e3o da inscri\u00e7\u00e3o, efetuada por e-mail. Uma vez efetuado o pagamento do curso, n\u00e3o \u00e9 poss\u00edvel proceder \u00e0 devolu\u00e7\u00e3o do valor pago, a menos que seja apresentado um atestado m\u00e9dico que comprove a impossibilidade de prosseguir com o restante do curso.<br \/><strong>Aceita\u00e7\u00e3o de Registos e Altera\u00e7\u00f5es:<\/strong> Reserva-se o direito de recusar qualquer registo feito. Em caso de altera\u00e7\u00e3o ou cancelamento de um registo, ser\u00e3o feitos esfor\u00e7os razo\u00e1veis para notificar o participante atrav\u00e9s do e-mail fornecido durante a inscri\u00e7\u00e3o.<br \/><strong>Assun\u00e7\u00e3o de Riscos:<\/strong> Ao participar das aulas ou eventos na Little Big Apple, o participante f\u00e1-lo por sua pr\u00f3pria conta e risco, reconhecendo a possibilidade de atividade f\u00edsica acima do normal. O participante \u00e9 respons\u00e1vel pelo seu pr\u00f3prio bem-estar e pelo bem-estar dos outros.<br \/><strong>Seguro:<\/strong> Recomenda-se que o participante tenha a sua pr\u00f3pria cobertura de seguro pessoal durante as aulas ou eventos, incluindo seguro de sa\u00fade. A Little Big Apple n\u00e3o \u00e9 respons\u00e1vel por quaisquer les\u00f5es pessoais, acidentes ou despesas m\u00e9dicas incorridas durante as aulas ou eventos.<br \/><strong>Responsabilidade do Participante:<\/strong> O participante \u00e9 exclusivamente respons\u00e1vel por quaisquer danos diretos ou indiretos causados durante as aulas ou eventos. A Little Big Apple n\u00e3o se responsabiliza por qualquer roubo, perda ou dano (incluindo pertences pessoais e equipamentos) trazidos pelo participante ou pertencentes a ele, independentemente de onde os itens estejam guardados (por exemplo, salas de aula, locais de eventos, bar).<br \/><strong>For\u00e7a Maior:<\/strong> A Little Big Apple n\u00e3o oferece qualquer garantia e n\u00e3o pode ser responsabilizada por eventos que estejam al\u00e9m do seu controlo, como greves em aeroportos, voos cancelados, doen\u00e7as de professores, bloqueios de estradas ou quaisquer outras circunst\u00e2ncias imprevistas. A organiza\u00e7\u00e3o n\u00e3o pode ser responsabilizada por danos diretos ou indiretos, ou por altera\u00e7\u00f5es nas caracter\u00edsticas do evento decorrentes de tais circunst\u00e2ncias. Ser\u00e3o feitos todos os esfor\u00e7os para comunicar prontamente quaisquer mudan\u00e7as consequentes e garantir que o participante tenha a melhor experi\u00eancia poss\u00edvel, mesmo perante tais situa\u00e7\u00f5es.<br \/><strong>Sa\u00fade, Seguran\u00e7a e Valores:<\/strong> O participante \u00e9 respons\u00e1vel pela sua sa\u00fade, seguran\u00e7a e valores durante as aulas ou eventos na Little Big Apple. Deve exercer cautela o tempo todo e tomar medidas para se proteger a si e aos outros.<br \/><strong>Pol\u00edtica de Privacidade:<\/strong> O participante deve fornecer informa\u00e7\u00f5es pessoais precisas durante a inscri\u00e7\u00e3o e concorda que essas informa\u00e7\u00f5es podem ser usadas para fornecer os servi\u00e7os solicitados e para efeitos de fatura\u00e7\u00e3o, conforme a Pol\u00edtica de Privacidade da organiza\u00e7\u00e3o.<br \/><strong>C\u00f3digo de Conduta:<\/strong> Espera-se que o participante respeite outros participantes, professores e organizadores, e contribua para criar um ambiente seguro e amig\u00e1vel para todos. O n\u00e3o cumprimento do C\u00f3digo de Conduta pode resultar em advert\u00eancia, exclus\u00e3o das aulas ou eventos sem reembolso e proibi\u00e7\u00e3o de participa\u00e7\u00e3o em futuras atividades.<br \/><strong>Fotografia e Grava\u00e7\u00e3o:<\/strong> \u00c9 proibido gravar v\u00eddeos, \u00e1udio ou tirar fotografias durante as aulas, a menos que o participante tenha permiss\u00e3o dos professores.<br \/>Partilha de Media: Embora se encoraje a captura e partilha de momentos na Little Big Apple, pede-se gentilmente que o participante respeite a privacidade dos outros e procure obter consentimento expl\u00edcito antes de partilhar qualquer grava\u00e7\u00e3o ou fotografia que possa ser sens\u00edvel. O participante est\u00e1 ciente de que, conforme a lei, qualquer grava\u00e7\u00e3o fotogr\u00e1fica, de \u00e1udio ou v\u00eddeo feita durante um evento privado realizado num espa\u00e7o fechado ao p\u00fablico (como a Little Big Apple) deve ter permiss\u00e3o expl\u00edcita das pessoas que est\u00e3o a ser gravadas, portanto, outros participantes e a organiza\u00e7\u00e3o t\u00eam o direito de solicitar a remo\u00e7\u00e3o de qualquer conte\u00fado partilhado em redes sociais ou outras plataformas que considerem question\u00e1vel.<br \/><strong>Propriedade de Media:<\/strong> Ao participar das aulas ou eventos, o participante concede \u00e0 Little Big Apple todos os direitos para usar imagens e v\u00eddeos resultantes de fotografia ou filmagem. Isso inclui o direito de reproduzir, adaptar e usar as imagens e v\u00eddeos para fins de marketing, publicidade e outras promo\u00e7\u00f5es. Caso o participante n\u00e3o deseje ser fotografado, deve informar a organiza\u00e7\u00e3o antecipadamente.<br \/><strong>Altera\u00e7\u00f5es no Hor\u00e1rio ou Professores:<\/strong> A Little Big Apple reserva o direito de fazer altera\u00e7\u00f5es no hor\u00e1rio das aulas ou eventos, incluindo hor\u00e1rios, locais e instrutores. O participante ser\u00e1 informado de quaisquer mudan\u00e7as o mais rapidamente poss\u00edvel.<br \/><strong>Informa\u00e7\u00f5es de Sa\u00fade e M\u00e9dicas:<\/strong> O participante \u00e9 respons\u00e1vel por divulgar quaisquer condi\u00e7\u00f5es de sa\u00fade relevantes, alergias ou preocupa\u00e7\u00f5es m\u00e9dicas que possam afetar a sua participa\u00e7\u00e3o nas aulas ou eventos. \u00c9 recomend\u00e1vel informar a organiza\u00e7\u00e3o antecipadamente para garantir que as acomoda\u00e7\u00f5es adequadas possam ser feitas.<br \/><strong>Pol\u00edtica de \u00c1lcool e Drogas:<\/strong> Espera-se que o participante cumpra as leis e regulamentos locais referentes ao consumo de \u00e1lcool e drogas. Se for encontrado em viola\u00e7\u00e3o, poder\u00e1 ser sujeito a remo\u00e7\u00e3o das aulas ou eventos sem reembolso.<\/p>\t\t\t\t\t\t\t\t<\/div>\n\t\t\t\t<\/div>\n\t\t\t\t\t<\/div>\n\t\t\t\t<\/div>\n\t\t<div class=\"elementor-element elementor-element-487af0f e-flex e-con-boxed e-con e-parent\" data-id=\"487af0f\" data-element_type=\"container\" data-e-type=\"container\">\n\t\t\t\t\t<div class=\"e-con-inner\">\n\t\t\t\t\t<\/div>\n\t\t\t\t<\/div>\n\t\t\t\t<\/div>","protected":false},"excerpt":{"rendered":"<p>termos e condi\u00e7\u00f5es Inscri\u00e7\u00e3o e Aceita\u00e7\u00e3o: Ao participar das aulas ou eventos na Little Big Apple, o participante reconhece e aceita todos os seguintes Termos e Condi\u00e7\u00f5es:Pagamentos e cancelamentos: O [&hellip;]<\/p>\n","protected":false},"author":2,"featured_media":0,"parent":0,"menu_order":0,"comment_status":"closed","ping_status":"closed","template":"","meta":{"inline_featured_image":false,"footnotes":""},"class_list":["post-8960","page","type-page","status-publish","hentry"],"meta_box":[],"_links":{"self":[{"href":"https:\/\/littlebigapple.pt\/en\/wp-json\/wp\/v2\/pages\/8960","targetHints":{"allow":["GET"]}}],"collection":[{"href":"https:\/\/littlebigapple.pt\/en\/wp-json\/wp\/v2\/pages"}],"about":[{"href":"https:\/\/littlebigapple.pt\/en\/wp-json\/wp\/v2\/types\/page"}],"author":[{"embeddable":true,"href":"https:\/\/littlebigapple.pt\/en\/wp-json\/wp\/v2\/users\/2"}],"replies":[{"embeddable":true,"href":"https:\/\/littlebigapple.pt\/en\/wp-json\/wp\/v2\/comments?post=8960"}],"version-history":[{"count":7,"href":"https:\/\/littlebigapple.pt\/en\/wp-json\/wp\/v2\/pages\/8960\/revisions"}],"predecessor-version":[{"id":9049,"href":"https:\/\/littlebigapple.pt\/en\/wp-json\/wp\/v2\/pages\/8960\/revisions\/9049"}],"wp:attachment":[{"href":"https:\/\/littlebigapple.pt\/en\/wp-json\/wp\/v2\/media?parent=8960"}],"curies":[{"name":"wp","href":"https:\/\/api.w.org\/{rel}","templated":true}]}}