{"id":9299,"date":"2025-12-12T14:01:55","date_gmt":"2025-12-12T14:01:55","guid":{"rendered":"https:\/\/littlebigapple.pt\/?page_id=9299"},"modified":"2026-03-27T15:31:49","modified_gmt":"2026-03-27T15:31:49","slug":"agenda","status":"publish","type":"page","link":"https:\/\/littlebigapple.pt\/en\/agenda\/","title":{"rendered":"Agenda"},"content":{"rendered":"<div data-elementor-type=\"wp-page\" data-elementor-id=\"9299\" class=\"elementor elementor-9299\" data-elementor-post-type=\"page\">\n\t\t\t\t<div class=\"elementor-element elementor-element-5cf99db e-flex e-con-boxed e-con e-parent\" data-id=\"5cf99db\" data-element_type=\"container\" data-e-type=\"container\">\n\t\t\t\t\t<div class=\"e-con-inner\">\n\t\t\t\t<div class=\"elementor-element elementor-element-773a5ff elementor-widget elementor-widget-heading\" data-id=\"773a5ff\" data-element_type=\"widget\" data-e-type=\"widget\" data-widget_type=\"heading.default\">\n\t\t\t\t\t<h2 class=\"elementor-heading-title elementor-size-default\">os pr\u00f3ximos eventos<\/h2>\t\t\t\t<\/div>\n\t\t\t\t\t<\/div>\n\t\t\t\t<\/div>\n\t\t<div class=\"elementor-element elementor-element-eb61964 e-grid e-con-boxed e-con e-parent\" data-id=\"eb61964\" data-element_type=\"container\" data-e-type=\"container\">\n\t\t\t\t\t<div class=\"e-con-inner\">\n\t\t\t\t<div class=\"elementor-element elementor-element-db7e184 dce_masking-none elementor-widget elementor-widget-image\" data-id=\"db7e184\" data-element_type=\"widget\" data-e-type=\"widget\" data-widget_type=\"image.default\">\n\t\t\t\t\t\t\t\t\t\t\t\t\t\t\t<img fetchpriority=\"high\" decoding=\"async\" width=\"800\" height=\"800\" src=\"https:\/\/littlebigapple.pt\/wp-content\/uploads\/2026\/03\/jams_site_abril-1024x1024.jpg\" class=\"attachment-large size-large wp-image-10133\" alt=\"jam session lisboa\" srcset=\"https:\/\/littlebigapple.pt\/wp-content\/uploads\/2026\/03\/jams_site_abril-1024x1024.jpg 1024w, https:\/\/littlebigapple.pt\/wp-content\/uploads\/2026\/03\/jams_site_abril-300x300.jpg 300w, https:\/\/littlebigapple.pt\/wp-content\/uploads\/2026\/03\/jams_site_abril-150x150.jpg 150w, https:\/\/littlebigapple.pt\/wp-content\/uploads\/2026\/03\/jams_site_abril-768x768.jpg 768w, https:\/\/littlebigapple.pt\/wp-content\/uploads\/2026\/03\/jams_site_abril-1536x1536.jpg 1536w, https:\/\/littlebigapple.pt\/wp-content\/uploads\/2026\/03\/jams_site_abril-12x12.jpg 12w, https:\/\/littlebigapple.pt\/wp-content\/uploads\/2026\/03\/jams_site_abril.jpg 2000w\" sizes=\"(max-width: 800px) 100vw, 800px\" \/>\t\t\t\t\t\t\t\t\t\t\t\t\t\t\t<\/div>\n\t\t\t\t<div class=\"elementor-element elementor-element-3268e64 elementor-widget elementor-widget-text-editor\" data-id=\"3268e64\" data-element_type=\"widget\" data-e-type=\"widget\" data-widget_type=\"text-editor.default\">\n\t\t\t\t\t\t\t\t\t<p>A nossa \u201cHouse Band\u201d convidada cria o groove deixa a porta aberta para te juntares a ela com o teu instrumento ou voz.<br \/>Aproveita a pista para dan\u00e7ar Lindy Hop, Shag, Balboa ou Solo Jazz.<br \/>Quem n\u00e3o dan\u00e7a e n\u00e3o toca nenhum instrumento \u00e9 sempre bem-vinde para apreciar a m\u00fasica ao vivo, tomar um copo e fazer amigos.<br \/>Junta-te \u00e0 comunidade de Dan\u00e7a Swing!<\/p><p>Donativo m\u00ednimo: 3\u20ac \u00e0 entrada<\/p>\t\t\t\t\t\t\t\t<\/div>\n\t\t\t\t<div class=\"elementor-element elementor-element-5170b7f dce_masking-none elementor-widget elementor-widget-image\" data-id=\"5170b7f\" data-element_type=\"widget\" data-e-type=\"widget\" data-widget_type=\"image.default\">\n\t\t\t\t\t\t\t\t\t\t\t\t\t\t\t<img decoding=\"async\" width=\"800\" height=\"1000\" src=\"https:\/\/littlebigapple.pt\/wp-content\/uploads\/2026\/01\/BLACK_history-month-party-819x1024.jpg\" class=\"attachment-large size-large wp-image-9942\" alt=\"\" srcset=\"https:\/\/littlebigapple.pt\/wp-content\/uploads\/2026\/01\/BLACK_history-month-party-819x1024.jpg 819w, https:\/\/littlebigapple.pt\/wp-content\/uploads\/2026\/01\/BLACK_history-month-party-240x300.jpg 240w, https:\/\/littlebigapple.pt\/wp-content\/uploads\/2026\/01\/BLACK_history-month-party-768x960.jpg 768w, https:\/\/littlebigapple.pt\/wp-content\/uploads\/2026\/01\/BLACK_history-month-party-1229x1536.jpg 1229w, https:\/\/littlebigapple.pt\/wp-content\/uploads\/2026\/01\/BLACK_history-month-party-1638x2048.jpg 1638w, https:\/\/littlebigapple.pt\/wp-content\/uploads\/2026\/01\/BLACK_history-month-party-10x12.jpg 10w, https:\/\/littlebigapple.pt\/wp-content\/uploads\/2026\/01\/BLACK_history-month-party.jpg 2000w\" sizes=\"(max-width: 800px) 100vw, 800px\" \/>\t\t\t\t\t\t\t\t\t\t\t\t\t\t\t<\/div>\n\t\t\t\t<div class=\"elementor-element elementor-element-1e71019 elementor-widget elementor-widget-text-editor\" data-id=\"1e71019\" data-element_type=\"widget\" data-e-type=\"widget\" data-widget_type=\"text-editor.default\">\n\t\t\t\t\t\t\t\t\t<p>Na noite de 21 de fevereiro, vamos honrar as ra\u00edzes desta dan\u00e7a, dar voz aos artistas que n\u00e3o a tiveram, e muitas vezes ainda n\u00e3o t\u00eam, o reconhecimento que merecem.<br \/><br \/>Esta dan\u00e7a que todos n\u00f3s adoramos carrega uma hist\u00f3ria imensa, enraizada na cultura afro-americana. Foi, durante d\u00e9cadas, uma poderosa forma de express\u00e3o, resist\u00eancia e liberta\u00e7\u00e3o de um povo que viveu sob o peso de uma Am\u00e9rica segregada. Mais do que nunca, \u00e9 preciso relembrarmo-nos do que fez parte da hist\u00f3ria e para onde queremos ir no futuro.<br \/><br \/><strong>\ud83d\udcfd Proje\u00e7\u00e3o de document\u00e1rio<\/strong><br \/>Josephine Baker: The First Black Superstar<br \/><br \/>Um retrato inspirador de Josephine Baker, artista, ativista e \u00edcone mundial, que quebrou barreiras raciais e redefiniu o lugar da mulher negra no entretenimento do s\u00e9culo XX.<br \/>21h \u2013 22h<br \/><br \/><strong>\ud83c\udfb6 Festa com m\u00fasica gravada<\/strong><br \/>Vamos dar \u00eanfase aos artistas negros pioneiros da m\u00fasica swing e que moldaram o som que ainda hoje nos faz dan\u00e7ar.<br \/>22h \u2013 1h<br \/><br \/><strong>Entrada: 5\u20ac<\/strong><\/p>\t\t\t\t\t\t\t\t<\/div>\n\t\t\t\t\t<\/div>\n\t\t\t\t<\/div>\n\t\t<div class=\"elementor-element elementor-element-8726536 e-grid e-con-boxed e-con e-parent\" data-id=\"8726536\" data-element_type=\"container\" data-e-type=\"container\">\n\t\t\t\t\t<div class=\"e-con-inner\">\n\t\t\t\t\t<\/div>\n\t\t\t\t<\/div>\n\t\t\t\t<\/div>","protected":false},"excerpt":{"rendered":"<p>Sabe tudo sobre como come\u00e7ar a dan\u00e7ar connosco!<\/p>","protected":false},"author":2,"featured_media":8712,"parent":0,"menu_order":0,"comment_status":"closed","ping_status":"closed","template":"","meta":{"inline_featured_image":false,"footnotes":""},"class_list":["post-9299","page","type-page","status-publish","has-post-thumbnail","hentry"],"meta_box":[],"_links":{"self":[{"href":"https:\/\/littlebigapple.pt\/en\/wp-json\/wp\/v2\/pages\/9299","targetHints":{"allow":["GET"]}}],"collection":[{"href":"https:\/\/littlebigapple.pt\/en\/wp-json\/wp\/v2\/pages"}],"about":[{"href":"https:\/\/littlebigapple.pt\/en\/wp-json\/wp\/v2\/types\/page"}],"author":[{"embeddable":true,"href":"https:\/\/littlebigapple.pt\/en\/wp-json\/wp\/v2\/users\/2"}],"replies":[{"embeddable":true,"href":"https:\/\/littlebigapple.pt\/en\/wp-json\/wp\/v2\/comments?post=9299"}],"version-history":[{"count":37,"href":"https:\/\/littlebigapple.pt\/en\/wp-json\/wp\/v2\/pages\/9299\/revisions"}],"predecessor-version":[{"id":10136,"href":"https:\/\/littlebigapple.pt\/en\/wp-json\/wp\/v2\/pages\/9299\/revisions\/10136"}],"wp:featuredmedia":[{"embeddable":true,"href":"https:\/\/littlebigapple.pt\/en\/wp-json\/wp\/v2\/media\/8712"}],"wp:attachment":[{"href":"https:\/\/littlebigapple.pt\/en\/wp-json\/wp\/v2\/media?parent=9299"}],"curies":[{"name":"wp","href":"https:\/\/api.w.org\/{rel}","templated":true}]}}